{"id":9,"date":"2019-09-05T14:24:09","date_gmt":"2019-09-05T14:24:09","guid":{"rendered":"https:\/\/destinationcyber.com\/"},"modified":"2023-08-03T11:43:22","modified_gmt":"2023-08-03T09:43:22","slug":"home","status":"publish","type":"page","link":"https:\/\/destinationcyber.com\/","title":{"rendered":"Home"},"content":{"rendered":"\n<div class=\"wp-block-cover alignfull hero-header\"><span aria-hidden=\"true\" class=\"wp-block-cover__background has-background-dim-60 has-background-dim\" style=\"background-color:#1f2125\"><\/span><img loading=\"lazy\" decoding=\"async\" width=\"1920\" height=\"1022\" class=\"wp-block-cover__image-background wp-image-19\" alt=\"\" src=\"https:\/\/destinationcyber.com\/wp-content\/uploads\/2019\/09\/header-bg.jpg\" style=\"object-position:49% 49%\" data-object-fit=\"cover\" data-object-position=\"49% 49%\" srcset=\"https:\/\/destinationcyber.com\/wp-content\/uploads\/2019\/09\/header-bg.jpg 1920w, https:\/\/destinationcyber.com\/wp-content\/uploads\/2019\/09\/header-bg-300x160.jpg 300w, https:\/\/destinationcyber.com\/wp-content\/uploads\/2019\/09\/header-bg-768x409.jpg 768w, https:\/\/destinationcyber.com\/wp-content\/uploads\/2019\/09\/header-bg-1024x545.jpg 1024w\" sizes=\"auto, (max-width: 1920px) 100vw, 1920px\" \/><div class=\"wp-block-cover__inner-container is-layout-flow wp-block-cover-is-layout-flow\">\n<h1 class=\"wp-block-heading has-text-align-left\">Destinationcyber.com plugins will turn <br>your Citadela WordPress theme into <br>superior web-building tool<\/h1>\n\n\n\n<p class=\"has-text-color\" style=\"color:#c4bbb2;font-size:18px\">New custom built blocks, specially developed for business websites.<br> Layout, color and typography options make your website unique.<br><br><\/p>\n\n\n\n<div class=\"wp-block-button is-style-outline is-style-outline--1\"><a class=\"wp-block-button__link has-text-color wp-element-button\" href=\"https:\/\/destinationcyber.com\/?page_id=74\" style=\"color:#c09b72\"><strong>Contactez nous<\/strong><\/a><\/div>\n\n\n\n<p><\/p>\n<\/div><\/div>\n\n\n\n<div class=\"wp-block-column is-layout-flow wp-block-column-is-layout-flow\">\n\n<div class=\"wp-block-media-text alignwide\" style=\"grid-template-columns:20% auto\"><figure class=\"wp-block-media-text__media\"><img loading=\"lazy\" decoding=\"async\" width=\"157\" height=\"114\" src=\"https:\/\/destinationcyber.com\/wp-content\/uploads\/2019\/09\/icon-02.png\" alt=\"\" class=\"wp-image-40 size-full\"\/><\/figure><div class=\"wp-block-media-text__content\">\n\n<h3 class=\"wp-block-heading\">PRO Plugin<\/h3>\n\n\n<hr class=\"wp-block-separator has-css-opacity is-style-default\"\/>\n\n\n<h2 class=\"wp-block-heading\">Destinationcyber.com est pour tout le monde<\/h2>\n\n\n<div class=\"wp-block-columns alignwide has-3-columns is-layout-flex wp-container-core-columns-is-layout-9d6595d7 wp-block-columns-is-layout-flex\">\n\n<div class=\"wp-block-column is-layout-flow wp-block-column-is-layout-flow\">\n\n<figure class=\"wp-block-image\"><a href=\"https:\/\/destinationcyber.com\/2019\/09\/09\/citadela-theme-released\/\"><img loading=\"lazy\" decoding=\"async\" width=\"1024\" height=\"683\" src=\"https:\/\/destinationcyber.com\/wp-content\/uploads\/2019\/09\/patrick-tomasso-nWvWBV0sv04-unsplash-e1568044371700-1024x683.jpg\" alt=\"\" class=\"wp-image-103\" srcset=\"https:\/\/destinationcyber.com\/wp-content\/uploads\/2019\/09\/patrick-tomasso-nWvWBV0sv04-unsplash-e1568044371700-1024x683.jpg 1024w, https:\/\/destinationcyber.com\/wp-content\/uploads\/2019\/09\/patrick-tomasso-nWvWBV0sv04-unsplash-e1568044371700-300x200.jpg 300w, https:\/\/destinationcyber.com\/wp-content\/uploads\/2019\/09\/patrick-tomasso-nWvWBV0sv04-unsplash-e1568044371700-768x512.jpg 768w, https:\/\/destinationcyber.com\/wp-content\/uploads\/2019\/09\/patrick-tomasso-nWvWBV0sv04-unsplash-e1568044371700.jpg 1920w\" sizes=\"auto, (max-width: 1024px) 100vw, 1024px\" \/><\/a><\/figure>\n\n\n<h4 class=\"wp-block-heading\">Pour les entrepreneurs, les startuppeurs <\/h4>\n\n\n<p class=\"has-text-align-left\">Destinationcyber sp\u00e9cialement d\u00e9velopp\u00e9s pour aider les sites Web li\u00e9s aux entreprises. Pour vous apporter l&rsquo;aide n\u00e9cessaire pour Pr\u00e9sentez vos produits et services avec style .<\/p>\n\n\n<p class=\"has-text-align-left\"><a href=\"https:\/\/destinationcyber.com\/wp-admin\/post.php?post=73&amp;action=edit\">En savoir plus<\/a><\/p>\n\n<\/div>\n\n\n<div class=\"wp-block-column is-layout-flow wp-block-column-is-layout-flow\">\n\n<figure class=\"wp-block-image\"><a href=\"https:\/\/destinationcyber.com\/2019\/09\/06\/choose-theme-for-any-website\/\"><img loading=\"lazy\" decoding=\"async\" width=\"1024\" height=\"683\" src=\"https:\/\/destinationcyber.com\/wp-content\/uploads\/2019\/09\/radek-grzybowski-eBRTYyjwpRY-unsplash-e1568044329364-1024x683.jpg\" alt=\"\" class=\"wp-image-100\" srcset=\"https:\/\/destinationcyber.com\/wp-content\/uploads\/2019\/09\/radek-grzybowski-eBRTYyjwpRY-unsplash-e1568044329364-1024x683.jpg 1024w, https:\/\/destinationcyber.com\/wp-content\/uploads\/2019\/09\/radek-grzybowski-eBRTYyjwpRY-unsplash-e1568044329364-300x200.jpg 300w, https:\/\/destinationcyber.com\/wp-content\/uploads\/2019\/09\/radek-grzybowski-eBRTYyjwpRY-unsplash-e1568044329364-768x512.jpg 768w, https:\/\/destinationcyber.com\/wp-content\/uploads\/2019\/09\/radek-grzybowski-eBRTYyjwpRY-unsplash-e1568044329364.jpg 1920w\" sizes=\"auto, (max-width: 1024px) 100vw, 1024px\" \/><\/a><\/figure>\n\n\n<h4 class=\"wp-block-heading\">Freelances, copywriters et web-marketeurs <\/h4>\n\n\n<p>Vos sites web seront rapide, l\u00e9ger et optimis\u00e9 pour le r\u00e9f\u00e9rencement. Google adorera vos sites Webs et le SOE  r\u00e9alis\u00e9 avec nos conseils. Compatible avec Yoast et d&rsquo;autres plugins SOE.<\/p>\n\n\n<p class=\"has-text-align-left\"><a href=\"https:\/\/destinationcyber.com\/2019\/09\/06\/choose-theme-for-any-website\/\"><a href=\"https:\/\/destinationcyber.com\/services\/\">En savoir plus<\/a><\/a><\/p>\n\n<\/div>\n\n\n<div class=\"wp-block-column is-layout-flow wp-block-column-is-layout-flow\">\n\n<figure class=\"wp-block-image\"><a href=\"https:\/\/destinationcyber.com\/2019\/09\/03\/whats-your-next-website-gonna-be\/\"><img loading=\"lazy\" decoding=\"async\" width=\"1024\" height=\"683\" src=\"https:\/\/destinationcyber.com\/wp-content\/uploads\/2019\/09\/annie-spratt-QckxruozjRg-unsplash-1024x683.jpg\" alt=\"\" class=\"wp-image-101\" srcset=\"https:\/\/destinationcyber.com\/wp-content\/uploads\/2019\/09\/annie-spratt-QckxruozjRg-unsplash-1024x683.jpg 1024w, https:\/\/destinationcyber.com\/wp-content\/uploads\/2019\/09\/annie-spratt-QckxruozjRg-unsplash-300x200.jpg 300w, https:\/\/destinationcyber.com\/wp-content\/uploads\/2019\/09\/annie-spratt-QckxruozjRg-unsplash-768x512.jpg 768w, https:\/\/destinationcyber.com\/wp-content\/uploads\/2019\/09\/annie-spratt-QckxruozjRg-unsplash.jpg 1920w\" sizes=\"auto, (max-width: 1024px) 100vw, 1024px\" \/><\/a><\/figure>\n\n\n<h4 class=\"wp-block-heading\">Voyageurs et blogueurs<\/h4>\n\n\n<p>Vous saurez tout sur WordPress Block Editor. Destinationcyber.com vous ouvre un tout nouveau niveau de possibilit\u00e9s pour optimiser l&rsquo;\u00e9criture de vos articles.<\/p>\n\n\n<p><a href=\"https:\/\/destinationcyber.com\/?page_id=10\"><a href=\"https:\/\/destinationcyber.com\/services\/\">En savoir plus<\/a><\/a><\/p>\n\n<\/div>\n\n<\/div>\n\n<\/div><\/div>\n\n\n\n\n<div class=\"wp-block-columns has-3-columns is-layout-flex wp-container-core-columns-is-layout-9d6595d7 wp-block-columns-is-layout-flex\">\n<div class=\"wp-block-column is-layout-flow wp-block-column-is-layout-flow\">\n<div class=\"wp-block-media-text alignwide\" style=\"grid-template-columns:20% auto\"><figure class=\"wp-block-media-text__media\"><img loading=\"lazy\" decoding=\"async\" width=\"157\" height=\"114\" src=\"https:\/\/destinationcyber.com\/wp-content\/uploads\/2019\/09\/icon-01.png\" alt=\"\" class=\"wp-image-39 size-full\"\/><\/figure><div class=\"wp-block-media-text__content\">\n<h3 class=\"wp-block-heading\">Free Theme<\/h3>\n\n\n\n<p>Citadela theme is free to use without any limitations.<\/p>\n<\/div><\/div>\n<\/div>\n<\/div>\n\n\n\n<div class=\"wp-block-citadela-blocks-custom-container citadela-block-custom-container size-wide bg-type-color inside-space-none has-bg\" style=\"background-color:#f7f3ef\"><div class=\"inner-holder\">\n<div style=\"height:30px\" aria-hidden=\"true\" class=\"wp-block-spacer\"><\/div>\n<\/div><\/div>\n","protected":false},"excerpt":{"rendered":"<p>PRO Plugin Destinationcyber.com est pour tout le monde Pour les entrepreneurs, les startuppeurs Destinationcyber sp\u00e9cialement d\u00e9velopp\u00e9s pour aider les sites Web li\u00e9s aux entreprises. Pour vous apporter l&rsquo;aide n\u00e9cessaire pour Pr\u00e9sentez vos produits et services avec style . En savoir plus Freelances, copywriters et web-marketeurs Vos sites web seront rapide, l\u00e9ger et optimis\u00e9 pour le [&hellip;]<\/p>\n","protected":false},"author":1,"featured_media":0,"parent":0,"menu_order":0,"comment_status":"closed","ping_status":"closed","template":"","meta":{"_citadela_hide_page_title":"1","_citadela_remove_header_space":"1","_citadela_custom_class":"","_citadela_header":false,"_citadela_header_over_content":false,"_citadela_header_text_color":"","_citadela_header_logo":[],"_citadela_header_bg_image":[],"_citadela_header_bg_position":[],"_citadela_header_bg_size":"","_citadela_header_bg_repeat":"","_citadela_header_bg_fixed":false,"_citadela_header_bg_color":"","_citadela_header_bg_image_overlay":"","_citadela_header_transparent_bg":false,"_citadela_content_width":"","footnotes":""},"class_list":["post-9","page","type-page","status-publish","hentry"],"_links":{"self":[{"href":"https:\/\/destinationcyber.com\/index.php?rest_route=\/wp\/v2\/pages\/9","targetHints":{"allow":["GET"]}}],"collection":[{"href":"https:\/\/destinationcyber.com\/index.php?rest_route=\/wp\/v2\/pages"}],"about":[{"href":"https:\/\/destinationcyber.com\/index.php?rest_route=\/wp\/v2\/types\/page"}],"author":[{"embeddable":true,"href":"https:\/\/destinationcyber.com\/index.php?rest_route=\/wp\/v2\/users\/1"}],"replies":[{"embeddable":true,"href":"https:\/\/destinationcyber.com\/index.php?rest_route=%2Fwp%2Fv2%2Fcomments&post=9"}],"version-history":[{"count":5,"href":"https:\/\/destinationcyber.com\/index.php?rest_route=\/wp\/v2\/pages\/9\/revisions"}],"predecessor-version":[{"id":10956,"href":"https:\/\/destinationcyber.com\/index.php?rest_route=\/wp\/v2\/pages\/9\/revisions\/10956"}],"wp:attachment":[{"href":"https:\/\/destinationcyber.com\/index.php?rest_route=%2Fwp%2Fv2%2Fmedia&parent=9"}],"curies":[{"name":"wp","href":"https:\/\/api.w.org\/{rel}","templated":true}]}}